{"id":884,"date":"2021-03-05T04:32:29","date_gmt":"2021-03-05T04:32:29","guid":{"rendered":"https:\/\/themetechmount.com\/wordpress\/fablio\/?page_id=884"},"modified":"2022-12-08T07:43:34","modified_gmt":"2022-12-08T07:43:34","slug":"urunler","status":"publish","type":"page","link":"https:\/\/www.kazimoglutekstil.com\/index.php\/urunler\/","title":{"rendered":"\u00dcr\u00fcnler"},"content":{"rendered":"<section class=\"wpb-content-wrapper\"><p>[vc_row tm_bgimagefixed=&#8221;&#8221; full_width=&#8221;stretch_row&#8221; tm_responsive_css=&#8221;68066881|colbreak_no|||||||||colbreak_no|||||50px||50px||colbreak_no||||||||||colbreak_no|||||||||&#8221; css=&#8221;.vc_custom_1615956669746{padding-bottom: 70px !important;}&#8221;][vc_column]<div class=\"themetechmount-boxes themetechmount-boxes-portfolio themetechmount-boxes-view-default themetechmount-boxes-col-three themetechmount-boxes-sortable-no themetechmount-boxes-textalign-center tm-cta3-rev-heading themetechmount-boxes-spacing-10px\">\n\t\t<div class=\"themetechmount-boxes-inner themetechmount-boxes-portfolio-inner \">\n\t\t\t\t\n\t\t\t\t<div class=\"row multi-columns-row themetechmount-boxes-row-wrapper tm-box-masnory\">\n\t\t\t\t\t<div class=\"tm-box-col-wrapper col-lg-4 col-sm-6 col-md-4 col-xs-12 urunler\"><article class=\"themetechmount-box themetechmount-box-portfolio themetechmount-portfoliobox-style2 \">\n\t<div class=\"themetechmount-post-item\">\n\t\t\t\n\t\t<span class=\"themetechmount-item-thumbnail\">\n\t\t\t<span class=\"themetechmount-item-thumbnail-inner\">\n\t\t\t\t<img width=\"600\" height=\"319\" src=\"https:\/\/www.kazimoglutekstil.com\/wp-content\/uploads\/2021\/06\/detailed-4-600x319.jpg\" class=\"attachment-themetechmount-img-portfolio size-themetechmount-img-portfolio wp-post-image\" alt=\"\" decoding=\"async\" loading=\"lazy\" data-id=\"1645\" \/>\n\t\t\t<\/span>\n\t\t<\/span>\t\t<div class=\"themetechmount-box-content themetechmount-overlay\">\t\t\t\n            <div class=\"themetechmount-box-content-inner\">\t\n\t\t\t\t<div class=\"themetechmount-icon-box themetechmount-media-link\"><a class=\"tm_prettyphoto\" href=\"https:\/\/www.kazimoglutekstil.com\/wp-content\/uploads\/2021\/06\/detailed-4.jpg\"><i class=\"tm-fablio-icon-search\"><\/i><\/a><a href=\" https:\/\/www.kazimoglutekstil.com\/index.php\/portfolio\/20-70-10-sardonlu-uc-iplik\/\" class=\"themetechmount_pf_link\"><i class=\"tm-fablio-icon-link\"><\/i><\/a><\/div>\t\t\t\n\t\t\t <\/div>\t\n\t\t<\/div>\n\t\t<div class=\"themetechmount-box-bottom-content\">\t\t\t\t\t\n\t\t\t<div class=\"themetechmount-box-title\"><h4><a href=\"https:\/\/www.kazimoglutekstil.com\/index.php\/portfolio\/20-70-10-sardonlu-uc-iplik\/\">20\/70\/10 \u015eARDONLU \u00dc\u00c7 \u0130PL\u0130K<\/a><\/h4><\/div>\t\t\n\t\t<\/div>\n\t<\/div>\n<\/article><\/div><div class=\"tm-box-col-wrapper col-lg-4 col-sm-6 col-md-4 col-xs-12 urunler\"><article class=\"themetechmount-box themetechmount-box-portfolio themetechmount-portfoliobox-style2 \">\n\t<div class=\"themetechmount-post-item\">\n\t\t\t\n\t\t<span class=\"themetechmount-item-thumbnail\">\n\t\t\t<span class=\"themetechmount-item-thumbnail-inner\">\n\t\t\t\t<img width=\"600\" height=\"319\" src=\"https:\/\/www.kazimoglutekstil.com\/wp-content\/uploads\/2021\/06\/detailed-4-600x319.jpg\" class=\"attachment-themetechmount-img-portfolio size-themetechmount-img-portfolio wp-post-image\" alt=\"\" decoding=\"async\" loading=\"lazy\" data-id=\"1645\" \/>\n\t\t\t<\/span>\n\t\t<\/span>\t\t<div class=\"themetechmount-box-content themetechmount-overlay\">\t\t\t\n            <div class=\"themetechmount-box-content-inner\">\t\n\t\t\t\t<div class=\"themetechmount-icon-box themetechmount-media-link\"><a class=\"tm_prettyphoto\" href=\"https:\/\/www.kazimoglutekstil.com\/wp-content\/uploads\/2021\/06\/detailed-4.jpg\"><i class=\"tm-fablio-icon-search\"><\/i><\/a><a href=\" https:\/\/www.kazimoglutekstil.com\/index.php\/portfolio\/20-70-10-sardonsuz-uc-iplik\/\" class=\"themetechmount_pf_link\"><i class=\"tm-fablio-icon-link\"><\/i><\/a><\/div>\t\t\t\n\t\t\t <\/div>\t\n\t\t<\/div>\n\t\t<div class=\"themetechmount-box-bottom-content\">\t\t\t\t\t\n\t\t\t<div class=\"themetechmount-box-title\"><h4><a href=\"https:\/\/www.kazimoglutekstil.com\/index.php\/portfolio\/20-70-10-sardonsuz-uc-iplik\/\">20\/70\/10 \u015eARDONSUZ \u00dc\u00c7 \u0130PL\u0130K<\/a><\/h4><\/div>\t\t\n\t\t<\/div>\n\t<\/div>\n<\/article><\/div><div class=\"tm-box-col-wrapper col-lg-4 col-sm-6 col-md-4 col-xs-12 urunler\"><article class=\"themetechmount-box themetechmount-box-portfolio themetechmount-portfoliobox-style2 \">\n\t<div class=\"themetechmount-post-item\">\n\t\t\t\n\t\t<span class=\"themetechmount-item-thumbnail\">\n\t\t\t<span class=\"themetechmount-item-thumbnail-inner\">\n\t\t\t\t<img width=\"600\" height=\"319\" src=\"https:\/\/www.kazimoglutekstil.com\/wp-content\/uploads\/2021\/06\/detailed-4-600x319.jpg\" class=\"attachment-themetechmount-img-portfolio size-themetechmount-img-portfolio wp-post-image\" alt=\"\" decoding=\"async\" loading=\"lazy\" data-id=\"1645\" \/>\n\t\t\t<\/span>\n\t\t<\/span>\t\t<div class=\"themetechmount-box-content themetechmount-overlay\">\t\t\t\n            <div class=\"themetechmount-box-content-inner\">\t\n\t\t\t\t<div class=\"themetechmount-icon-box themetechmount-media-link\"><a class=\"tm_prettyphoto\" href=\"https:\/\/www.kazimoglutekstil.com\/wp-content\/uploads\/2021\/06\/detailed-4.jpg\"><i class=\"tm-fablio-icon-search\"><\/i><\/a><a href=\" https:\/\/www.kazimoglutekstil.com\/index.php\/portfolio\/20-10-sardonlu-iki-iplik\/\" class=\"themetechmount_pf_link\"><i class=\"tm-fablio-icon-link\"><\/i><\/a><\/div>\t\t\t\n\t\t\t <\/div>\t\n\t\t<\/div>\n\t\t<div class=\"themetechmount-box-bottom-content\">\t\t\t\t\t\n\t\t\t<div class=\"themetechmount-box-title\"><h4><a href=\"https:\/\/www.kazimoglutekstil.com\/index.php\/portfolio\/20-10-sardonlu-iki-iplik\/\">20\/10 \u015eARDONLU \u0130K\u0130 \u0130PL\u0130K<\/a><\/h4><\/div>\t\t\n\t\t<\/div>\n\t<\/div>\n<\/article><\/div><div class=\"tm-box-col-wrapper col-lg-4 col-sm-6 col-md-4 col-xs-12 urunler\"><article class=\"themetechmount-box themetechmount-box-portfolio themetechmount-portfoliobox-style2 \">\n\t<div class=\"themetechmount-post-item\">\n\t\t\t\n\t\t<span class=\"themetechmount-item-thumbnail\">\n\t\t\t<span class=\"themetechmount-item-thumbnail-inner\">\n\t\t\t\t<img width=\"600\" height=\"319\" src=\"https:\/\/www.kazimoglutekstil.com\/wp-content\/uploads\/2021\/06\/detailed-4-600x319.jpg\" class=\"attachment-themetechmount-img-portfolio size-themetechmount-img-portfolio wp-post-image\" alt=\"\" decoding=\"async\" loading=\"lazy\" data-id=\"1645\" \/>\n\t\t\t<\/span>\n\t\t<\/span>\t\t<div class=\"themetechmount-box-content themetechmount-overlay\">\t\t\t\n            <div class=\"themetechmount-box-content-inner\">\t\n\t\t\t\t<div class=\"themetechmount-icon-box themetechmount-media-link\"><a class=\"tm_prettyphoto\" href=\"https:\/\/www.kazimoglutekstil.com\/wp-content\/uploads\/2021\/06\/detailed-4.jpg\"><i class=\"tm-fablio-icon-search\"><\/i><\/a><a href=\" https:\/\/www.kazimoglutekstil.com\/index.php\/portfolio\/20-150-iki-iplik-kumas\/\" class=\"themetechmount_pf_link\"><i class=\"tm-fablio-icon-link\"><\/i><\/a><\/div>\t\t\t\n\t\t\t <\/div>\t\n\t\t<\/div>\n\t\t<div class=\"themetechmount-box-bottom-content\">\t\t\t\t\t\n\t\t\t<div class=\"themetechmount-box-title\"><h4><a href=\"https:\/\/www.kazimoglutekstil.com\/index.php\/portfolio\/20-150-iki-iplik-kumas\/\">20\/150 \u0130K\u0130 \u0130PL\u0130K KUMA\u015e<\/a><\/h4><\/div>\t\t\n\t\t<\/div>\n\t<\/div>\n<\/article><\/div>\n\t\t\t\t<\/div>\n\t\t\t<\/div><!-- .themetechmount-boxes-inner -->   <\/div><!-- .themetechmount-boxes -->  [\/vc_column][\/vc_row]<\/p>\n<\/section>","protected":false},"excerpt":{"rendered":"<p>[vc_row tm_bgimagefixed=&#8221;&#8221; full_width=&#8221;stretch_row&#8221; tm_responsive_css=&#8221;68066881|colbreak_no|||||||||colbreak_no|||||50px||50px||colbreak_no||||||||||colbreak_no|||||||||&#8221; css=&#8221;.vc_custom_1615956669746{padding-bottom: 70px !important;}&#8221;][vc_column][\/vc_column][\/vc_row]<\/p>\n","protected":false},"author":1,"featured_media":0,"parent":0,"menu_order":0,"comment_status":"closed","ping_status":"closed","template":"","meta":{"_themeisle_gutenberg_block_has_review":false},"_links":{"self":[{"href":"https:\/\/www.kazimoglutekstil.com\/index.php\/wp-json\/wp\/v2\/pages\/884"}],"collection":[{"href":"https:\/\/www.kazimoglutekstil.com\/index.php\/wp-json\/wp\/v2\/pages"}],"about":[{"href":"https:\/\/www.kazimoglutekstil.com\/index.php\/wp-json\/wp\/v2\/types\/page"}],"author":[{"embeddable":true,"href":"https:\/\/www.kazimoglutekstil.com\/index.php\/wp-json\/wp\/v2\/users\/1"}],"replies":[{"embeddable":true,"href":"https:\/\/www.kazimoglutekstil.com\/index.php\/wp-json\/wp\/v2\/comments?post=884"}],"version-history":[{"count":2,"href":"https:\/\/www.kazimoglutekstil.com\/index.php\/wp-json\/wp\/v2\/pages\/884\/revisions"}],"predecessor-version":[{"id":1816,"href":"https:\/\/www.kazimoglutekstil.com\/index.php\/wp-json\/wp\/v2\/pages\/884\/revisions\/1816"}],"wp:attachment":[{"href":"https:\/\/www.kazimoglutekstil.com\/index.php\/wp-json\/wp\/v2\/media?parent=884"}],"curies":[{"name":"wp","href":"https:\/\/api.w.org\/{rel}","templated":true}]}}