{"id":720,"date":"2021-03-03T07:06:57","date_gmt":"2021-03-03T07:06:57","guid":{"rendered":"https:\/\/themetechmount.com\/wordpress\/fablio\/?page_id=720"},"modified":"2022-12-10T07:16:48","modified_gmt":"2022-12-10T07:16:48","slug":"hakkimizda","status":"publish","type":"page","link":"https:\/\/www.kazimoglutekstil.com\/index.php\/hakkimizda\/","title":{"rendered":"Hakk\u0131m\u0131zda"},"content":{"rendered":"<section class=\"wpb-content-wrapper\"><p>[vc_row tm_bgimagefixed=&#8221;&#8221; break_in_responsive=&#8221;991&#8243; full_width=&#8221;stretch_row&#8221; tm_responsive_css=&#8221;41793898|colbreak_no|||||||||colbreak_no|||||18px||50px||colbreak_no||||||||||colbreak_no|||||||||&#8221; css=&#8221;.vc_custom_1615960421009{padding-top: 90px !important;padding-bottom: 55px !important;}&#8221;][vc_column width=&#8221;5\/12&#8243; css=&#8221;.vc_custom_1615960359684{padding-right: 0px !important;}&#8221; tm_responsive_css=&#8221;58431425|colbreak_no|||||||||colbreak_no||||||15px|||colbreak_no||||||||||colbreak_no|||||||||&#8221;][vc_single_image image=&#8221;1755&#8243; img_size=&#8221;full&#8221;][\/vc_column][vc_column width=&#8221;7\/12&#8243; css=&#8221;.vc_custom_1615959829453{padding-top: 8px !important;padding-left: 45px !important;}&#8221; tm_responsive_css=&#8221;92914681|colbreak_no|||||||||colbreak_no||||||||15px|colbreak_no||||||||||colbreak_no|||||||||&#8221;]<div class=\"tm-element-heading-wrapper tm-heading-inner tm-element-align-left tm-seperator-style-one tm-heading-style-vertical \"><section class=\"tm-vc_cta3-container\"><div class=\"tm-vc_general tm-vc_cta3 tm-cta3-only tm-vc_cta3-style-classic tm-vc_cta3-shape-rounded tm-vc_cta3-align-left tm-vc_cta3-color-transparent tm-vc_cta3-icon-size-md tm-vc_cta3-actions-no tm-cta3-with-desc\"><div class=\"tm-vc_cta3_content-container\"><div class=\"tm-vc_cta3-content\"><header class=\"tm-vc_cta3-content-header tm-wrap\"><div class=\"tm-vc_cta3-headers tm-wrap-cell\"><h4 class=\"tm-custom-heading \" >Hakk\u0131m\u0131zda<\/h4>\n<h2 class=\"tm-custom-heading \" >Hakk\u0131m\u0131zda<\/h2>\n<\/div><div class=\"heading-seperator\"><span><\/span><\/div><\/header><div class=\"tm-cta3-content-wrapper\"><p>Firmam\u0131z 2000 y\u0131l\u0131ndan beri tekstil sekt\u00f6r\u00fcnde haz\u0131r giyim \u00fcretimi yapmaktad\u0131r. 2022 y\u0131l\u0131nda \u00f6rg\u00fcl\u00fc kuma\u015f \u00fcretimine ba\u015flayarak geri d\u00f6n\u00fc\u015ft\u00fcr\u00fclm\u00fc\u015f iplik a\u011f\u0131rl\u0131kl\u0131 olmak \u00fczere \u00f6rme kuma\u015f \u00fcretimi yapmaktad\u0131r. Ayl\u0131k 600 ton kuma\u015f \u00fcretim kapasitemiz bulunmaktad\u0131r.<\/p>\n<p>\u00dc\u00e7 iplik iki iplik s\u00fcprem interlok selanik<br \/>\nRibana ka\u015fkorse olmak \u00fczere farkl\u0131 iplik numaralar\u0131nda ve farkl\u0131 i\u00e7erikte olan ipliklerle \u00fcretim yapmaktad\u0131r.<\/p>\n<p>Firmam\u0131z rejenere kuma\u015f \u00fcretimi ve sat\u0131\u015f\u0131nda iddial\u0131 konumdad\u0131r. Sekt\u00f6rdeki 25 y\u0131l\u0131 a\u015fk\u0131n haz\u0131r giyim \u00fcretim tecr\u00fcbemiz kuma\u015f \u00fcretimini minimum fire oran\u0131yla ve kalitemize yans\u0131maktad\u0131r<\/p><\/div><\/div><\/div><\/div><\/section><\/div> <!-- .tm-element-heading-wrapper container --> [\/vc_column][\/vc_row]<\/p>\n<\/section>","protected":false},"excerpt":{"rendered":"<p>[vc_row tm_bgimagefixed=&#8221;&#8221; break_in_responsive=&#8221;991&#8243; full_width=&#8221;stretch_row&#8221; tm_responsive_css=&#8221;41793898|colbreak_no|||||||||colbreak_no|||||18px||50px||colbreak_no||||||||||colbreak_no|||||||||&#8221; css=&#8221;.vc_custom_1615960421009{padding-top: 90px !important;padding-bottom: 55px !important;}&#8221;][vc_column width=&#8221;5\/12&#8243; css=&#8221;.vc_custom_1615960359684{padding-right: 0px !important;}&#8221; tm_responsive_css=&#8221;58431425|colbreak_no|||||||||colbreak_no||||||15px|||colbreak_no||||||||||colbreak_no|||||||||&#8221;][vc_single_image image=&#8221;1755&#8243; img_size=&#8221;full&#8221;][\/vc_column][vc_column width=&#8221;7\/12&#8243; css=&#8221;.vc_custom_1615959829453{padding-top: 8px !important;padding-left: 45px !important;}&#8221; tm_responsive_css=&#8221;92914681|colbreak_no|||||||||colbreak_no||||||||15px|colbreak_no||||||||||colbreak_no|||||||||&#8221;][\/vc_column][\/vc_row]<\/p>\n","protected":false},"author":1,"featured_media":0,"parent":0,"menu_order":0,"comment_status":"closed","ping_status":"closed","template":"","meta":{"_themeisle_gutenberg_block_has_review":false},"_links":{"self":[{"href":"https:\/\/www.kazimoglutekstil.com\/index.php\/wp-json\/wp\/v2\/pages\/720"}],"collection":[{"href":"https:\/\/www.kazimoglutekstil.com\/index.php\/wp-json\/wp\/v2\/pages"}],"about":[{"href":"https:\/\/www.kazimoglutekstil.com\/index.php\/wp-json\/wp\/v2\/types\/page"}],"author":[{"embeddable":true,"href":"https:\/\/www.kazimoglutekstil.com\/index.php\/wp-json\/wp\/v2\/users\/1"}],"replies":[{"embeddable":true,"href":"https:\/\/www.kazimoglutekstil.com\/index.php\/wp-json\/wp\/v2\/comments?post=720"}],"version-history":[{"count":4,"href":"https:\/\/www.kazimoglutekstil.com\/index.php\/wp-json\/wp\/v2\/pages\/720\/revisions"}],"predecessor-version":[{"id":1735,"href":"https:\/\/www.kazimoglutekstil.com\/index.php\/wp-json\/wp\/v2\/pages\/720\/revisions\/1735"}],"wp:attachment":[{"href":"https:\/\/www.kazimoglutekstil.com\/index.php\/wp-json\/wp\/v2\/media?parent=720"}],"curies":[{"name":"wp","href":"https:\/\/api.w.org\/{rel}","templated":true}]}}