{"id":1882,"date":"2022-12-10T07:18:23","date_gmt":"2022-12-10T07:18:23","guid":{"rendered":"https:\/\/www.kazimoglutekstil.com\/?page_id=1882"},"modified":"2022-12-10T07:18:54","modified_gmt":"2022-12-10T07:18:54","slug":"srderhan","status":"publish","type":"page","link":"https:\/\/www.kazimoglutekstil.com\/index.php\/srderhan\/","title":{"rendered":"S\u00fcrd\u00fcr\u00fclebilirlik"},"content":{"rendered":"<section class=\"wpb-content-wrapper\"><p>[vc_row tm_bgimagefixed=&#8221;&#8221; break_in_responsive=&#8221;991&#8243; full_width=&#8221;stretch_row&#8221; tm_responsive_css=&#8221;41793898|colbreak_no|||||||||colbreak_no|||||18px||50px||colbreak_no||||||||||colbreak_no|||||||||&#8221; css=&#8221;.vc_custom_1615960421009{padding-top: 90px !important;padding-bottom: 55px !important;}&#8221;][vc_column width=&#8221;5\/12&#8243; css=&#8221;.vc_custom_1615960359684{padding-right: 0px !important;}&#8221; tm_responsive_css=&#8221;58431425|colbreak_no|||||||||colbreak_no||||||15px|||colbreak_no||||||||||colbreak_no|||||||||&#8221;][vc_single_image image=&#8221;1862&#8243; img_size=&#8221;full&#8221;][\/vc_column][vc_column width=&#8221;7\/12&#8243; css=&#8221;.vc_custom_1615959829453{padding-top: 8px !important;padding-left: 45px !important;}&#8221; tm_responsive_css=&#8221;92914681|colbreak_no|||||||||colbreak_no||||||||15px|colbreak_no||||||||||colbreak_no|||||||||&#8221;]<div class=\"tm-element-heading-wrapper tm-heading-inner tm-element-align-left tm-seperator-style-one tm-heading-style-vertical \"><section class=\"tm-vc_cta3-container\"><div class=\"tm-vc_general tm-vc_cta3 tm-cta3-only tm-vc_cta3-style-classic tm-vc_cta3-shape-rounded tm-vc_cta3-align-left tm-vc_cta3-color-transparent tm-vc_cta3-icon-size-md tm-vc_cta3-actions-no tm-cta3-with-desc\"><div class=\"tm-vc_cta3_content-container\"><div class=\"tm-vc_cta3-content\"><header class=\"tm-vc_cta3-content-header tm-wrap\"><div class=\"tm-vc_cta3-headers tm-wrap-cell\"><h4 class=\"tm-custom-heading \" >S\u00dcRD\u00dcR\u00dcLEB\u0130L\u0130RL\u0130K<\/h4>\n<h2 class=\"tm-custom-heading \" >S\u00dcRD\u00dcR\u00dcLEB\u0130L\u0130RL\u0130K<\/h2>\n<\/div><div class=\"heading-seperator\"><span><\/span><\/div><\/header><div class=\"tm-cta3-content-wrapper\">\n<p>Firmam\u0131z Birle\u015fmi\u015f Milletler S\u00fcrd\u00fcr\u00fclebilir Kalk\u0131nma ama\u00e7lar\u0131 kapsam\u0131nda yenilik\u00e7i alt yap\u0131s\u0131 ile, \u00e7evreci \u00fcretim anlay\u0131\u015f\u0131yla \u00fcretiminin yakla\u015f\u0131k y\u00fczde seksenini geri d\u00f6n\u00fc\u015ft\u00fcr\u00fclm\u00fc\u015f maddelerden \u00fcretilen iplikler ile yapmaktad\u0131r. B\u00f6ylelikle sudaki ya\u015fam\u0131n ve karasal ya\u015fam\u0131n korunmas\u0131na katk\u0131 sa\u011flamaktad\u0131r. Firmam\u0131z b\u00fcnyesinde \u00e7al\u0131\u015ft\u0131rd\u0131\u011f\u0131 kad\u0131n ve erkek \u00e7al\u0131\u015fanlar\u0131 ile toplumsal<\/p>\n<p>ye\u015fil enerji hedefine k\u0131smen ula\u015fm\u0131\u015f olup 1.6 MWatt g\u00fcne\u015f enerji sistemiyle, elektrik enerjisi ihtiyac\u0131n\u0131 k\u0131smen kar\u015f\u0131lamaktad\u0131r.<\/p><\/div><\/div><\/div><\/div><\/section><\/div> <!-- .tm-element-heading-wrapper container --> [\/vc_column][\/vc_row]<\/p>\n<\/section>","protected":false},"excerpt":{"rendered":"<p>[vc_row tm_bgimagefixed=&#8221;&#8221; break_in_responsive=&#8221;991&#8243; full_width=&#8221;stretch_row&#8221; tm_responsive_css=&#8221;41793898|colbreak_no|||||||||colbreak_no|||||18px||50px||colbreak_no||||||||||colbreak_no|||||||||&#8221; css=&#8221;.vc_custom_1615960421009{padding-top: 90px !important;padding-bottom: 55px !important;}&#8221;][vc_column width=&#8221;5\/12&#8243; css=&#8221;.vc_custom_1615960359684{padding-right: 0px !important;}&#8221; tm_responsive_css=&#8221;58431425|colbreak_no|||||||||colbreak_no||||||15px|||colbreak_no||||||||||colbreak_no|||||||||&#8221;][vc_single_image image=&#8221;1862&#8243; img_size=&#8221;full&#8221;][\/vc_column][vc_column width=&#8221;7\/12&#8243; css=&#8221;.vc_custom_1615959829453{padding-top: 8px !important;padding-left: 45px !important;}&#8221; tm_responsive_css=&#8221;92914681|colbreak_no|||||||||colbreak_no||||||||15px|colbreak_no||||||||||colbreak_no|||||||||&#8221;][\/vc_column][\/vc_row]<\/p>\n","protected":false},"author":1,"featured_media":0,"parent":0,"menu_order":0,"comment_status":"closed","ping_status":"closed","template":"","meta":{"_themeisle_gutenberg_block_has_review":false},"_links":{"self":[{"href":"https:\/\/www.kazimoglutekstil.com\/index.php\/wp-json\/wp\/v2\/pages\/1882"}],"collection":[{"href":"https:\/\/www.kazimoglutekstil.com\/index.php\/wp-json\/wp\/v2\/pages"}],"about":[{"href":"https:\/\/www.kazimoglutekstil.com\/index.php\/wp-json\/wp\/v2\/types\/page"}],"author":[{"embeddable":true,"href":"https:\/\/www.kazimoglutekstil.com\/index.php\/wp-json\/wp\/v2\/users\/1"}],"replies":[{"embeddable":true,"href":"https:\/\/www.kazimoglutekstil.com\/index.php\/wp-json\/wp\/v2\/comments?post=1882"}],"version-history":[{"count":2,"href":"https:\/\/www.kazimoglutekstil.com\/index.php\/wp-json\/wp\/v2\/pages\/1882\/revisions"}],"predecessor-version":[{"id":1884,"href":"https:\/\/www.kazimoglutekstil.com\/index.php\/wp-json\/wp\/v2\/pages\/1882\/revisions\/1884"}],"wp:attachment":[{"href":"https:\/\/www.kazimoglutekstil.com\/index.php\/wp-json\/wp\/v2\/media?parent=1882"}],"curies":[{"name":"wp","href":"https:\/\/api.w.org\/{rel}","templated":true}]}}