{"id":1617,"date":"2021-06-15T05:23:53","date_gmt":"2021-06-15T05:23:53","guid":{"rendered":"https:\/\/themetechmount.com\/wordpress\/fablio\/demo2-data\/?page_id=1617"},"modified":"2022-12-08T19:18:33","modified_gmt":"2022-12-08T19:18:33","slug":"home-4","status":"publish","type":"page","link":"https:\/\/www.kazimoglutekstil.com\/","title":{"rendered":"Ana Sayfa"},"content":{"rendered":"<section class=\"wpb-content-wrapper\"><p>[vc_row tm_bgimagefixed=&#8221;true&#8221; break_in_responsive=&#8221;991&#8243; tm_shadow=&#8221;yes&#8221; full_width=&#8221;stretch_row_content&#8221; equal_height=&#8221;yes&#8221; content_placement=&#8221;middle&#8221; css=&#8221;.vc_custom_1670523037819{background-image: url(https:\/\/www.kazimoglutekstil.com\/wp-content\/uploads\/2021\/06\/footer-bg.jpg?id=1629) !important;}&#8221;][vc_column width=&#8221;1\/3&#8243;][vc_hoverbox image=&#8221;1874&#8243; primary_title=&#8221;&#8221; hover_title=&#8221;Solar Enerji&#8221; shape=&#8221;square&#8221; hover_background_color=&#8221;orange&#8221; css_animation=&#8221;none&#8221; css=&#8221;.vc_custom_1670526806715{background-image: url(https:\/\/www.kazimoglutekstil.com\/wp-content\/uploads\/2021\/06\/footer-bg.jpg?id=1629) !important;}&#8221;]<strong>Firmam\u0131z yapm\u0131\u015f oldu\u011fu 1.6 MWatt G\u00fcne\u015f Enerji Sistemi (GES) yat\u0131r\u0131m\u0131 ile elektrik ihtiyac\u0131n\u0131n bir k\u0131sm\u0131n\u0131 yenilenebilir enerji kayna\u011f\u0131 olan g\u00fcne\u015ften sa\u011flamaktad\u0131r.<\/strong>[\/vc_hoverbox][\/vc_column][vc_column width=&#8221;1\/3&#8243;][vc_hoverbox image=&#8221;1871&#8243; primary_title=&#8221;&#8221; hover_title=&#8221;Geri D\u00f6n\u00fc\u015f\u00fcm&#8221; hover_background_color=&#8221;turquoise&#8221;]<strong>Firmam\u0131z geri d\u00f6n\u00fc\u015ft\u00fcr\u00fclm\u00fc\u015f ipliklerden \u00fcretti\u011fi kuma\u015flar ile geri d\u00f6n\u00fc\u015f\u00fcme b\u00fcy\u00fck katk\u0131 sa\u011flamaktad\u0131r.<\/strong>[\/vc_hoverbox][\/vc_column][vc_column width=&#8221;1\/3&#8243;][vc_hoverbox image=&#8221;1862&#8243; primary_title=&#8221;&#8221; hover_title=&#8221;Ye\u015fil Ekonomi&#8221; hover_background_color=&#8221;green&#8221; align=&#8221;right&#8221;]<strong>Firmam\u0131z ye\u015fil ekonomi anlay\u0131\u015f\u0131yla sisteme tekrar kazand\u0131rm\u0131\u015f oldu\u011fu geri d\u00f6n\u00fc\u015f\u00fcm kuma\u015flar ile ulusal ve evrensel ekonomiye katk\u0131 sa\u011flamaktad\u0131r<\/strong>[\/vc_hoverbox][\/vc_column][\/vc_row][vc_row tm_bgimagefixed=&#8221;&#8221; css=&#8221;.vc_custom_1670423178053{padding-top: 30px !important;}&#8221;][vc_column][vc_separator color=&#8221;green&#8221; border_width=&#8221;2&#8243;][\/vc_column][\/vc_row][vc_row tm_bgcolor=&#8221;darkgrey&#8221; tm_bgimagefixed=&#8221;&#8221; break_in_responsive=&#8221;991&#8243; full_width=&#8221;stretch_row_content&#8221; css=&#8221;.vc_custom_1670421133755{margin-top: -280px !important;padding-top: 50px !important;padding-bottom: 61px !important;}&#8221; tm_responsive_css=&#8221;22508038|colbreak_no|||||||||colbreak_no|0||||60px||50px||colbreak_no||||||||||colbreak_no|||||||||&#8221;][vc_column css=&#8221;.vc_custom_1623401710039{padding-top: 53px !important;padding-right: 15px !important;padding-bottom: 8px !important;padding-left: 15px !important;}&#8221; tm_responsive_css=&#8221;21633454|colbreak_no|||||||||colbreak_no|-20||-28||0||||colbreak_no||||||||||colbreak_no|||||||||&#8221;]<div class=\"themetechmount-boxes themetechmount-boxes-portfolio themetechmount-boxes-view-carousel themetechmount-boxes-col-four themetechmount-boxes-sortable-no themetechmount-boxes-textalign-center tm-cta3-rev-heading tm-boxes-carousel-arrow-round tm-boxes-carousel-arrows-hide\" data-tm-speed=\"1500\" data-tm-autoplay=\"0\" data-tm-autoplayspeed=\"4500\" data-tm-loop=\"1\" data-tm-dots=\"0\" data-tm-nav=\"hide\" data-tm-centermode=\"0\" data-tm-arrowtype=\"round\" data-tm-pauseonfocus=\"1\" data-tm-pauseonhover=\"1\" data-tm-slidestoscroll=\"1\" data-tm-effecttype=\"slide\">\n\t\t<div class=\"themetechmount-boxes-inner themetechmount-boxes-portfolio-inner \"><div class=\"themetechmount-box-heading-wrapper tm-element-align-center\"><div class=\"tm-element-heading-wrapper tm-heading-inner tm-element-align-center tm-seperator-style-one tm-heading-style-vertical \"><section class=\"tm-vc_cta3-container\"><div class=\"tm-vc_general tm-vc_cta3 tm-cta3-only tm-vc_cta3-style-classic tm-vc_cta3-shape-rounded tm-vc_cta3-align-center tm-vc_cta3-color-transparent tm-vc_cta3-icon-size-md tm-vc_cta3-actions-no tm-cta3-without-desc\"><div class=\"tm-vc_cta3_content-container\"><div class=\"tm-vc_cta3-content\"><header class=\"tm-vc_cta3-content-header tm-wrap\"><div class=\"tm-vc_cta3-headers tm-wrap-cell\"><h4 class=\"tm-custom-heading \" >\u00dcretilen \u00dcr\u00fcnlerimiz<\/h4>\n<h2 class=\"tm-custom-heading \" >\u00dcR\u00dcNLER\u0130M\u0130Z<\/h2>\n<\/div><div class=\"heading-seperator\"><span><\/span><\/div><\/header><\/div><\/div><\/div><\/section><\/div> <!-- .tm-element-heading-wrapper container --> <\/div> <!-- .tm-element-heading-wrapper container --> \n\t\t\t\t\n\t\t\t\t<div class=\"row multi-columns-row themetechmount-boxes-row-wrapper tm-box-masnory\">\n\t\t\t\t\t<div class=\"tm-box-col-wrapper col-lg-3 col-sm-6 col-md-3 col-xs-12 urunler\"><article class=\"themetechmount-box themetechmount-box-portfolio themetechmount-portfoliobox-stylethree \">\n\t<div class=\"themetechmount-post-item\">\n\t\t\t<div class=\"tm-featured-wrapper tm-tm_portfolio-featured-wrapper\"><a href=\"https:\/\/www.kazimoglutekstil.com\/index.php\/portfolio\/20-70-10-sardonlu-uc-iplik\/\"><img width=\"622\" height=\"319\" src=\"https:\/\/www.kazimoglutekstil.com\/wp-content\/uploads\/2021\/06\/detailed-4.jpg\" class=\"attachment-medium_large size-medium_large wp-post-image\" alt=\"\" decoding=\"async\" loading=\"lazy\" srcset=\"https:\/\/www.kazimoglutekstil.com\/wp-content\/uploads\/2021\/06\/detailed-4.jpg 622w, https:\/\/www.kazimoglutekstil.com\/wp-content\/uploads\/2021\/06\/detailed-4-300x154.jpg 300w\" sizes=\"(max-width: 622px) 100vw, 622px\" data-id=\"1645\" \/><\/a><\/div>\t\t<div class=\"themetechmount-box-bottom-content\">\t\t\t\t\t\n\t\t\t<div class=\"themetechmount-box-title\"><h4><a href=\"https:\/\/www.kazimoglutekstil.com\/index.php\/portfolio\/20-70-10-sardonlu-uc-iplik\/\">20\/70\/10 \u015eARDONLU \u00dc\u00c7 \u0130PL\u0130K<\/a><\/h4><\/div>\t\t\n\t\t\n\t\t<div class=\"themetechmount-box-category\">\u00dcr\u00fcnler<\/div>\n\t\t<\/div>\n\t<\/div>\n<\/article><\/div><div class=\"tm-box-col-wrapper col-lg-3 col-sm-6 col-md-3 col-xs-12 urunler\"><article class=\"themetechmount-box themetechmount-box-portfolio themetechmount-portfoliobox-stylethree \">\n\t<div class=\"themetechmount-post-item\">\n\t\t\t<div class=\"tm-featured-wrapper tm-tm_portfolio-featured-wrapper\"><a href=\"https:\/\/www.kazimoglutekstil.com\/index.php\/portfolio\/20-70-10-sardonsuz-uc-iplik\/\"><img width=\"622\" height=\"319\" src=\"https:\/\/www.kazimoglutekstil.com\/wp-content\/uploads\/2021\/06\/detailed-4.jpg\" class=\"attachment-medium_large size-medium_large wp-post-image\" alt=\"\" decoding=\"async\" loading=\"lazy\" srcset=\"https:\/\/www.kazimoglutekstil.com\/wp-content\/uploads\/2021\/06\/detailed-4.jpg 622w, https:\/\/www.kazimoglutekstil.com\/wp-content\/uploads\/2021\/06\/detailed-4-300x154.jpg 300w\" sizes=\"(max-width: 622px) 100vw, 622px\" data-id=\"1645\" \/><\/a><\/div>\t\t<div class=\"themetechmount-box-bottom-content\">\t\t\t\t\t\n\t\t\t<div class=\"themetechmount-box-title\"><h4><a href=\"https:\/\/www.kazimoglutekstil.com\/index.php\/portfolio\/20-70-10-sardonsuz-uc-iplik\/\">20\/70\/10 \u015eARDONSUZ \u00dc\u00c7 \u0130PL\u0130K<\/a><\/h4><\/div>\t\t\n\t\t\n\t\t<div class=\"themetechmount-box-category\">\u00dcr\u00fcnler<\/div>\n\t\t<\/div>\n\t<\/div>\n<\/article><\/div><div class=\"tm-box-col-wrapper col-lg-3 col-sm-6 col-md-3 col-xs-12 urunler\"><article class=\"themetechmount-box themetechmount-box-portfolio themetechmount-portfoliobox-stylethree \">\n\t<div class=\"themetechmount-post-item\">\n\t\t\t<div class=\"tm-featured-wrapper tm-tm_portfolio-featured-wrapper\"><a href=\"https:\/\/www.kazimoglutekstil.com\/index.php\/portfolio\/20-10-sardonlu-iki-iplik\/\"><img width=\"622\" height=\"319\" src=\"https:\/\/www.kazimoglutekstil.com\/wp-content\/uploads\/2021\/06\/detailed-4.jpg\" class=\"attachment-medium_large size-medium_large wp-post-image\" alt=\"\" decoding=\"async\" loading=\"lazy\" srcset=\"https:\/\/www.kazimoglutekstil.com\/wp-content\/uploads\/2021\/06\/detailed-4.jpg 622w, https:\/\/www.kazimoglutekstil.com\/wp-content\/uploads\/2021\/06\/detailed-4-300x154.jpg 300w\" sizes=\"(max-width: 622px) 100vw, 622px\" data-id=\"1645\" \/><\/a><\/div>\t\t<div class=\"themetechmount-box-bottom-content\">\t\t\t\t\t\n\t\t\t<div class=\"themetechmount-box-title\"><h4><a href=\"https:\/\/www.kazimoglutekstil.com\/index.php\/portfolio\/20-10-sardonlu-iki-iplik\/\">20\/10 \u015eARDONLU \u0130K\u0130 \u0130PL\u0130K<\/a><\/h4><\/div>\t\t\n\t\t\n\t\t<div class=\"themetechmount-box-category\">\u00dcr\u00fcnler<\/div>\n\t\t<\/div>\n\t<\/div>\n<\/article><\/div><div class=\"tm-box-col-wrapper col-lg-3 col-sm-6 col-md-3 col-xs-12 urunler\"><article class=\"themetechmount-box themetechmount-box-portfolio themetechmount-portfoliobox-stylethree \">\n\t<div class=\"themetechmount-post-item\">\n\t\t\t<div class=\"tm-featured-wrapper tm-tm_portfolio-featured-wrapper\"><a href=\"https:\/\/www.kazimoglutekstil.com\/index.php\/portfolio\/20-150-iki-iplik-kumas\/\"><img width=\"622\" height=\"319\" src=\"https:\/\/www.kazimoglutekstil.com\/wp-content\/uploads\/2021\/06\/detailed-4.jpg\" class=\"attachment-medium_large size-medium_large wp-post-image\" alt=\"\" decoding=\"async\" loading=\"lazy\" srcset=\"https:\/\/www.kazimoglutekstil.com\/wp-content\/uploads\/2021\/06\/detailed-4.jpg 622w, https:\/\/www.kazimoglutekstil.com\/wp-content\/uploads\/2021\/06\/detailed-4-300x154.jpg 300w\" sizes=\"(max-width: 622px) 100vw, 622px\" data-id=\"1645\" \/><\/a><\/div>\t\t<div class=\"themetechmount-box-bottom-content\">\t\t\t\t\t\n\t\t\t<div class=\"themetechmount-box-title\"><h4><a href=\"https:\/\/www.kazimoglutekstil.com\/index.php\/portfolio\/20-150-iki-iplik-kumas\/\">20\/150 \u0130K\u0130 \u0130PL\u0130K KUMA\u015e<\/a><\/h4><\/div>\t\t\n\t\t\n\t\t<div class=\"themetechmount-box-category\">\u00dcr\u00fcnler<\/div>\n\t\t<\/div>\n\t<\/div>\n<\/article><\/div>\n\t\t\t\t<\/div>\n\t\t\t<\/div><!-- .themetechmount-boxes-inner -->   <\/div><!-- .themetechmount-boxes -->  [vc_row_inner css=&#8221;.vc_custom_1622789862328{padding-top: 50px !important;}&#8221;][vc_column_inner width=&#8221;1\/4&#8243;][\/vc_column_inner][vc_column_inner el_class=&#8221;tm-reset-all-left-991&#8243; width=&#8221;1\/4&#8243; css=&#8221;.vc_custom_1622790078624{padding-right: 9px !important;}&#8221; tm_responsive_css=&#8221;46556604|colbreak_no|||||||||colbreak_no||||||||12|colbreak_no||||||||||colbreak_no|||||||||&#8221;][\/vc_column_inner][vc_column_inner width=&#8221;1\/4&#8243; css=&#8221;.vc_custom_1622788380146{padding-left: 12px !important;}&#8221;]\r\n\t\t<div class=\"tm-vc_btn3-container tm-vc_btn3-inline\"><a class=\"tm-vc_general tm-vc_btn3 tm-vc_btn3-size-md tm-vc_btn3-shape-square tm-vc_btn3-style-flat tm-vc_btn3-weight-no tm-vc_btn3-color-skincolor\" href=\"https:\/\/www.kazimoglutekstil.com\/index.php\/urunler\/\" title=\"Services\">T\u00fcm \u00dcr\u00fcnlerimiz<\/a><\/div>[\/vc_column_inner][vc_column_inner width=&#8221;1\/4&#8243;][\/vc_column_inner][\/vc_row_inner][\/vc_column][\/vc_row][vc_row tm_bgimagefixed=&#8221;&#8221; css=&#8221;.vc_custom_1670423178053{padding-top: 30px !important;}&#8221;][vc_column][vc_separator color=&#8221;green&#8221; border_width=&#8221;2&#8243;][\/vc_column][\/vc_row][vc_row tm_textcolor=&#8221;dark&#8221; tm_bgcolor=&#8221;skincolor&#8221; tm_bgimage_position=&#8221;center_top&#8221; tm_bgimagefixed=&#8221;&#8221; break_in_responsive=&#8221;991&#8243; full_width=&#8221;stretch_row&#8221; css=&#8221;.vc_custom_1623735611985{padding-top: 62px !important;padding-bottom: 62px !important;background-image: url(https:\/\/themetechmount.com\/wordpress\/fablio\/demo2-data\/wp-content\/uploads\/sites\/8\/2021\/06\/globe-bg.png?id=1633) !important;background-position: 0 0 !important;background-repeat: no-repeat !important;}&#8221; tm_responsive_css=&#8221;97079699|colbreak_no|||||||||colbreak_no|||||45px||50||colbreak_no||||||||||colbreak_no|||||||||&#8221; el_class=&#8221;tm-skincolor-opacity0&#8243; el_id=&#8221;tm-fontweight-custom&#8221;][vc_column]<div class=\"themetechmount-boxes themetechmount-boxes-service themetechmount-boxes-view-default themetechmount-boxes-col-three themetechmount-boxes-sortable-no themetechmount-boxes-textalign-center tm-cta3-rev-heading\">\n\t\t<div class=\"themetechmount-boxes-inner themetechmount-boxes-service-inner \"><div class=\"themetechmount-box-heading-wrapper tm-element-align-center\"><div class=\"tm-element-heading-wrapper tm-heading-inner tm-element-align-center tm-seperator-none tm-heading-style-vertical \"><section class=\"tm-vc_cta3-container\"><div class=\"tm-vc_general tm-vc_cta3 tm-cta3-only tm-vc_cta3-style-classic tm-vc_cta3-shape-rounded tm-vc_cta3-align-center tm-vc_cta3-color-transparent tm-vc_cta3-icon-size-md tm-vc_cta3-actions-no tm-cta3-without-desc\"><div class=\"tm-vc_cta3_content-container\"><div class=\"tm-vc_cta3-content\"><header class=\"tm-vc_cta3-content-header tm-wrap\"><div class=\"tm-vc_cta3-headers tm-wrap-cell\"><h4 class=\"tm-custom-heading \" >\u00dcretim<\/h4>\n<h2 class=\"tm-custom-heading \" >\u00dcretim<\/h2>\n<\/div><div class=\"heading-seperator\"><span><\/span><\/div><\/header><\/div><\/div><\/div><\/section><\/div> <!-- .tm-element-heading-wrapper container --> <\/div> <!-- .tm-element-heading-wrapper container --> \n\t\t\t\t\n\t\t\t\t<div class=\"row multi-columns-row themetechmount-boxes-row-wrapper\">\n\t\t\t\t\t<div class=\"tm-box-col-wrapper col-lg-4 col-sm-6 col-md-4 col-xs-12 uretim\"><article class=\"themetechmount-box themetechmount-box-service themetechmount-servicebox-styletwo \">\n\t<div class=\"themetechmount-post-item\">\n\t\t<div class=\"themetechmount-box-bottom-content\">\t\n\t\t\t<div class=\"tm-featured-wrapper tm-tm_service-featured-wrapper\"><a href=\"https:\/\/www.kazimoglutekstil.com\/index.php\/service\/orme\/\"><img width=\"768\" height=\"512\" src=\"https:\/\/www.kazimoglutekstil.com\/wp-content\/uploads\/2021\/02\/4-min-768x512.jpg\" class=\"attachment-medium_large size-medium_large wp-post-image\" alt=\"\" decoding=\"async\" loading=\"lazy\" srcset=\"https:\/\/www.kazimoglutekstil.com\/wp-content\/uploads\/2021\/02\/4-min-768x512.jpg 768w, https:\/\/www.kazimoglutekstil.com\/wp-content\/uploads\/2021\/02\/4-min-300x200.jpg 300w, https:\/\/www.kazimoglutekstil.com\/wp-content\/uploads\/2021\/02\/4-min-1024x683.jpg 1024w, https:\/\/www.kazimoglutekstil.com\/wp-content\/uploads\/2021\/02\/4-min.jpg 1200w\" sizes=\"(max-width: 768px) 100vw, 768px\" data-id=\"426\" \/><\/a><\/div>\t\t\t<div class=\"tm-servicebox-detials\">\n\t\t\t\t<div class=\"tm-box-header\">\n\t\t\t\t\t<div class=\"themetechmount-box-title\"><h4><a href=\"https:\/\/www.kazimoglutekstil.com\/index.php\/service\/orme\/\">\u00d6rme<\/a><\/h4><\/div>\t\t\t\t\t<div class=\"tm-details-link\"><a href=\"https:\/\/www.kazimoglutekstil.com\/index.php\/service\/orme\/\"><i class=\"themifyicon ti-arrow-top-right\"><\/i><\/a><\/div>\n\t\t\t\t<\/div>\n\t\t\t\t<div class=\"themetechmount-box-desc\">\n\t\t\t\t\t\t\t\t\t\t\t<div class=\"tm-short-desc\">\n\t\t\t\t\t\t\tHave been engaged with modern units for all our requirements of continuous bleach &amp; dyeing \t\t\t\t\t\t<\/div>\n\t\t\t\t\t\t\t\t\t<\/div> \n\t\t\t<\/div>\n\t\t<\/div>\n\t<\/div>\n<\/article><\/div><div class=\"tm-box-col-wrapper col-lg-4 col-sm-6 col-md-4 col-xs-12 uretim\"><article class=\"themetechmount-box themetechmount-box-service themetechmount-servicebox-styletwo \">\n\t<div class=\"themetechmount-post-item\">\n\t\t<div class=\"themetechmount-box-bottom-content\">\t\n\t\t\t<div class=\"tm-featured-wrapper tm-tm_service-featured-wrapper\"><a href=\"https:\/\/www.kazimoglutekstil.com\/index.php\/service\/yikama\/\"><img width=\"768\" height=\"512\" src=\"https:\/\/www.kazimoglutekstil.com\/wp-content\/uploads\/2021\/02\/3-min-768x512.jpg\" class=\"attachment-medium_large size-medium_large wp-post-image\" alt=\"\" decoding=\"async\" loading=\"lazy\" srcset=\"https:\/\/www.kazimoglutekstil.com\/wp-content\/uploads\/2021\/02\/3-min-768x512.jpg 768w, https:\/\/www.kazimoglutekstil.com\/wp-content\/uploads\/2021\/02\/3-min-300x200.jpg 300w, https:\/\/www.kazimoglutekstil.com\/wp-content\/uploads\/2021\/02\/3-min-1024x683.jpg 1024w, https:\/\/www.kazimoglutekstil.com\/wp-content\/uploads\/2021\/02\/3-min.jpg 1200w\" sizes=\"(max-width: 768px) 100vw, 768px\" data-id=\"436\" \/><\/a><\/div>\t\t\t<div class=\"tm-servicebox-detials\">\n\t\t\t\t<div class=\"tm-box-header\">\n\t\t\t\t\t<div class=\"themetechmount-box-title\"><h4><a href=\"https:\/\/www.kazimoglutekstil.com\/index.php\/service\/yikama\/\">Y\u0131kama<\/a><\/h4><\/div>\t\t\t\t\t<div class=\"tm-details-link\"><a href=\"https:\/\/www.kazimoglutekstil.com\/index.php\/service\/yikama\/\"><i class=\"themifyicon ti-arrow-top-right\"><\/i><\/a><\/div>\n\t\t\t\t<\/div>\n\t\t\t\t<div class=\"themetechmount-box-desc\">\n\t\t\t\t\t\t\t\t\t\t\t<div class=\"tm-short-desc\">\n\t\t\t\t\t\t\tIt is the process of transfer dyes from the aqueous solution onto the fiber surface &amp; diffusion\t\t\t\t\t\t<\/div>\n\t\t\t\t\t\t\t\t\t<\/div> \n\t\t\t<\/div>\n\t\t<\/div>\n\t<\/div>\n<\/article><\/div><div class=\"tm-box-col-wrapper col-lg-4 col-sm-6 col-md-4 col-xs-12 uretim\"><article class=\"themetechmount-box themetechmount-box-service themetechmount-servicebox-styletwo \">\n\t<div class=\"themetechmount-post-item\">\n\t\t<div class=\"themetechmount-box-bottom-content\">\t\n\t\t\t<div class=\"tm-featured-wrapper tm-tm_service-featured-wrapper\"><a href=\"https:\/\/www.kazimoglutekstil.com\/index.php\/service\/apre\/\"><img width=\"768\" height=\"512\" src=\"https:\/\/www.kazimoglutekstil.com\/wp-content\/uploads\/2021\/02\/11-min-768x512.jpg\" class=\"attachment-medium_large size-medium_large wp-post-image\" alt=\"\" decoding=\"async\" loading=\"lazy\" srcset=\"https:\/\/www.kazimoglutekstil.com\/wp-content\/uploads\/2021\/02\/11-min-768x512.jpg 768w, https:\/\/www.kazimoglutekstil.com\/wp-content\/uploads\/2021\/02\/11-min-300x200.jpg 300w, https:\/\/www.kazimoglutekstil.com\/wp-content\/uploads\/2021\/02\/11-min-1024x683.jpg 1024w, https:\/\/www.kazimoglutekstil.com\/wp-content\/uploads\/2021\/02\/11-min.jpg 1200w\" sizes=\"(max-width: 768px) 100vw, 768px\" data-id=\"428\" \/><\/a><\/div>\t\t\t<div class=\"tm-servicebox-detials\">\n\t\t\t\t<div class=\"tm-box-header\">\n\t\t\t\t\t<div class=\"themetechmount-box-title\"><h4><a href=\"https:\/\/www.kazimoglutekstil.com\/index.php\/service\/apre\/\">Apre<\/a><\/h4><\/div>\t\t\t\t\t<div class=\"tm-details-link\"><a href=\"https:\/\/www.kazimoglutekstil.com\/index.php\/service\/apre\/\"><i class=\"themifyicon ti-arrow-top-right\"><\/i><\/a><\/div>\n\t\t\t\t<\/div>\n\t\t\t\t<div class=\"themetechmount-box-desc\">\n\t\t\t\t\t\t\t\t\t\t\t<div class=\"tm-short-desc\">\n\t\t\t\t\t\t\tChoose from many fabrics and design your. Create and print only the fabric you need.\t\t\t\t\t\t<\/div>\n\t\t\t\t\t\t\t\t\t<\/div> \n\t\t\t<\/div>\n\t\t<\/div>\n\t<\/div>\n<\/article><\/div>\n\t\t\t\t<\/div>\n\t\t\t<\/div><!-- .themetechmount-boxes-inner -->   <\/div><!-- .themetechmount-boxes -->  [\/vc_column][\/vc_row][vc_row tm_bgimagefixed=&#8221;&#8221; break_in_responsive=&#8221;991&#8243; full_width=&#8221;stretch_row&#8221; equal_height=&#8221;yes&#8221; css=&#8221;.vc_custom_1623676762555{padding-top: 0px !important;padding-bottom: 0px !important;}&#8221;][vc_column tm_bgcolor=&#8221;white&#8221; tm_col_bg_expand=&#8221;left&#8221; width=&#8221;1\/4&#8243;][\/vc_column][vc_column tm_bgcolor=&#8221;grey&#8221; tm_col_bg_expand=&#8221;right&#8221; width=&#8221;3\/4&#8243; css=&#8221;.vc_custom_1623750176241{margin-left: 8px !important;padding-top: 30px !important;padding-bottom: 40px !important;padding-left: 40px !important;}&#8221; tm_responsive_css=&#8221;17885607|colbreak_no||||0px|||||colbreak_no|||||||0px|15px|colbreak_no||||||||||colbreak_no|||||||||&#8221;][\/vc_column][\/vc_row][vc_row tm_bgcolor=&#8221;white&#8221; tm_bgimagefixed=&#8221;&#8221; break_in_responsive=&#8221;991&#8243; tm_shadow=&#8221;yes&#8221; tm_zindex=&#8221;2&#8243; equal_height=&#8221;yes&#8221; css=&#8221;.vc_custom_1623393972115{padding-top: 0px !important;padding-bottom: 0px !important;}&#8221; tm_responsive_css=&#8221;69066002|colbreak_no|||||||||colbreak_no|||||||40||colbreak_no||||||||||colbreak_no|||||||||&#8221;][vc_column width=&#8221;1\/2&#8243; css=&#8221;.vc_custom_1623665332240{padding-top: 30px !important;padding-right: 30px !important;padding-bottom: 23px !important;padding-left: 30px !important;}&#8221; tm_responsive_css=&#8221;42323539|colbreak_no|||||||||colbreak_no||||||15||15px|colbreak_no||||||||||colbreak_no|||||||||&#8221;]<div class=\"tm-element-heading-wrapper tm-heading-inner tm-element-align-left tm-seperator-style-one tm-heading-style-vertical \"><section class=\"tm-vc_cta3-container\"><div class=\"tm-vc_general tm-vc_cta3 tm-cta3-only tm-vc_cta3-style-classic tm-vc_cta3-shape-rounded tm-vc_cta3-align-left tm-vc_cta3-color-transparent tm-vc_cta3-icon-size-md tm-vc_cta3-actions-no tm-cta3-with-desc\"><div class=\"tm-vc_cta3_content-container\"><div class=\"tm-vc_cta3-content\"><header class=\"tm-vc_cta3-content-header tm-wrap\"><div class=\"tm-vc_cta3-headers tm-wrap-cell\"><h4 class=\"tm-custom-heading \" >\u0130yi Tasarlanm\u0131\u015f<\/h4>\n<h2 class=\"tm-custom-heading \" >Diki\u015fli Kuma\u015ftan Daha Fazlas\u0131n\u0131 Sunuyoruz<\/h2>\n<\/div><div class=\"heading-seperator\"><span><\/span><\/div><\/header><div class=\"tm-cta3-content-wrapper\"><p><span style=\"vertical-align: inherit;\">Kar\u015f\u0131l\u0131kl\u0131 yarar i\u015f ilkesine ba\u011fl\u0131 kalarak, m\u00fckemmel hizmetlerimiz nedeniyle m\u00fc\u015fterilerimiz aras\u0131nda iyi bir \u00fcne sahibiz.<\/span><\/p><\/div><\/div><\/div><\/div><\/section><\/div> <!-- .tm-element-heading-wrapper container --> <div class=\"themetechmount-progress-bar vc_progress_bar wpb_content_element vc_progress-bar-color-skincolor tm-fontweight-semibold vc_custom_1670423575001 vc_progress-bar-color-skincolor\"><div class=\"tm-pbar-single-bar-w tm-pbar-icon-false\"><div class=\"vc_general vc_single_bar\"><small class=\"vc_label\">Tekstil<\/small><div class=\"vc_bar \" data-percentage-value=\"90\" data-value=\"90\"><span class=\"tm-vc_label_units vc_label_units\">90%<\/span><\/div><\/div><\/div><div class=\"tm-pbar-single-bar-w tm-pbar-icon-false\"><div class=\"vc_general vc_single_bar\"><small class=\"vc_label\">Tasar\u0131m<\/small><div class=\"vc_bar \" data-percentage-value=\"100\" data-value=\"100\"><span class=\"tm-vc_label_units vc_label_units\">100%<\/span><\/div><\/div><\/div><\/div>[\/vc_column][vc_column tm_col_bg_expand=&#8221;right&#8221; tm_col_expand_chcontent=&#8221;yes&#8221; width=&#8221;1\/2&#8243; css=&#8221;.vc_custom_1623402723724{margin-left: 8px !important;}&#8221;]<div class=\"tm-vc_icon_element tm-vc_icon_element-outer tm-vc_icon_element-align-center  tm-vc_icon_element-have-style tm_prettyphoto style2 tm-fixright-style vc_custom_1670424843175\"><div class=\"tm-vc_icon_element-inner  tm-vc_icon_element-have-style-inner tm-vc_icon_element-color-skincolor tm-vc_icon_element-size-md tm-vc_icon_element-style-rounded tm-vc_icon_element-background tm-vc_icon_element-background-color-black\" ><span class=\"tm-vc_icon_element-icon fa fa-play\" ><\/span><a class=\"tm-vc_icon_element-link\" href=\"https:\/\/\" title=\"\" target=\"_self\"><\/a><\/div><\/div>[vc_single_image image=&#8221;814&#8243; img_size=&#8221;full&#8221; css=&#8221;.vc_custom_1670423758999{margin-bottom: 0px !important;}&#8221;][\/vc_column][\/vc_row][vc_row][vc_column][vc_gmaps link=&#8221;#E-8_JTNDaWZyYW1lJTIwc3JjJTNEJTIyaHR0cHMlM0ElMkYlMkZ3d3cuZ29vZ2xlLmNvbSUyRm1hcHMlMkZlbWJlZCUzRnBiJTNEJTIxMW0xOCUyMTFtMTIlMjExbTMlMjExZDMxMTcuMDM1NTA4NzY1MzkwNyUyMTJkMzkuMzE3MzMzMTE1NjYyMDglMjEzZDM4LjYyNTA2NDE3MDU1NTIlMjEybTMlMjExZjAlMjEyZjAlMjEzZjAlMjEzbTIlMjExaTEwMjQlMjEyaTc2OCUyMTRmMTMuMSUyMTNtMyUyMTFtMiUyMTFzMHg0MDc2YmRjMjNhZTQyN2Y3JTI1M0EweDYyYzRlYWRiYzk1YWI5NDYlMjEyc0FsYXQlMjUyMFRla3N0aWwlMjE1ZTAlMjEzbTIlMjExc3RyJTIxMnN0ciUyMTR2MTY3MDQ4NTIxMjE3NSUyMTVtMiUyMTFzdHIlMjEyc3RyJTIyJTIwd2lkdGglM0QlMjIxODAwJTIyJTIwaGVpZ2h0JTNEJTIyNDAwJTIyJTIwc3R5bGUlM0QlMjJib3JkZXIlM0EwJTNCJTIyJTIwYWxsb3dmdWxsc2NyZWVuJTNEJTIyJTIyJTIwbG9hZGluZyUzRCUyMmxhenklMjIlMjByZWZlcnJlcnBvbGljeSUzRCUyMm5vLXJlZmVycmVyLXdoZW4tZG93bmdyYWRlJTIyJTNFJTNDJTJGaWZyYW1lJTNF&#8221;][\/vc_column][\/vc_row]<\/p>\n<\/section>","protected":false},"excerpt":{"rendered":"<p>[vc_row tm_bgimagefixed=&#8221;true&#8221; break_in_responsive=&#8221;991&#8243; tm_shadow=&#8221;yes&#8221; full_width=&#8221;stretch_row_content&#8221; equal_height=&#8221;yes&#8221; content_placement=&#8221;middle&#8221; css=&#8221;.vc_custom_1670523037819{background-image: url(https:\/\/www.kazimoglutekstil.com\/wp-content\/uploads\/2021\/06\/footer-bg.jpg?id=1629) !important;}&#8221;][vc_column width=&#8221;1\/3&#8243;][vc_hoverbox image=&#8221;1874&#8243; primary_title=&#8221;&#8221; hover_title=&#8221;Solar Enerji&#8221; shape=&#8221;square&#8221; hover_background_color=&#8221;orange&#8221; css_animation=&#8221;none&#8221; css=&#8221;.vc_custom_1670526806715{background-image: url(https:\/\/www.kazimoglutekstil.com\/wp-content\/uploads\/2021\/06\/footer-bg.jpg?id=1629) !important;}&#8221;]Firmam\u0131z yapm\u0131\u015f oldu\u011fu 1.6 MWatt G\u00fcne\u015f Enerji Sistemi (GES) yat\u0131r\u0131m\u0131 ile elektrik ihtiyac\u0131n\u0131n bir k\u0131sm\u0131n\u0131 yenilenebilir enerji kayna\u011f\u0131 olan g\u00fcne\u015ften sa\u011flamaktad\u0131r.[\/vc_hoverbox][\/vc_column][vc_column width=&#8221;1\/3&#8243;][vc_hoverbox image=&#8221;1871&#8243; primary_title=&#8221;&#8221; hover_title=&#8221;Geri D\u00f6n\u00fc\u015f\u00fcm&#8221; hover_background_color=&#8221;turquoise&#8221;]Firmam\u0131z geri d\u00f6n\u00fc\u015ft\u00fcr\u00fclm\u00fc\u015f ipliklerden \u00fcretti\u011fi kuma\u015flar ile geri d\u00f6n\u00fc\u015f\u00fcme &hellip; <a href=\"https:\/\/www.kazimoglutekstil.com\/index.php\/service\/apre\/\" class=\"more-link\">Continue reading <span class=\"screen-reader-text\">Apre<\/span><\/a><\/p>\n","protected":false},"author":1,"featured_media":0,"parent":0,"menu_order":0,"comment_status":"closed","ping_status":"closed","template":"","meta":{"_themeisle_gutenberg_block_has_review":false},"_links":{"self":[{"href":"https:\/\/www.kazimoglutekstil.com\/index.php\/wp-json\/wp\/v2\/pages\/1617"}],"collection":[{"href":"https:\/\/www.kazimoglutekstil.com\/index.php\/wp-json\/wp\/v2\/pages"}],"about":[{"href":"https:\/\/www.kazimoglutekstil.com\/index.php\/wp-json\/wp\/v2\/types\/page"}],"author":[{"embeddable":true,"href":"https:\/\/www.kazimoglutekstil.com\/index.php\/wp-json\/wp\/v2\/users\/1"}],"replies":[{"embeddable":true,"href":"https:\/\/www.kazimoglutekstil.com\/index.php\/wp-json\/wp\/v2\/comments?post=1617"}],"version-history":[{"count":70,"href":"https:\/\/www.kazimoglutekstil.com\/index.php\/wp-json\/wp\/v2\/pages\/1617\/revisions"}],"predecessor-version":[{"id":1877,"href":"https:\/\/www.kazimoglutekstil.com\/index.php\/wp-json\/wp\/v2\/pages\/1617\/revisions\/1877"}],"wp:attachment":[{"href":"https:\/\/www.kazimoglutekstil.com\/index.php\/wp-json\/wp\/v2\/media?parent=1617"}],"curies":[{"name":"wp","href":"https:\/\/api.w.org\/{rel}","templated":true}]}}